{"id":68,"date":"2009-08-16T22:56:17","date_gmt":"2009-08-16T20:56:17","guid":{"rendered":"http:\/\/localhost\/oik\/?page_id=68"},"modified":"2026-02-25T13:00:59","modified_gmt":"2026-02-25T12:00:59","slug":"informacje","status":"publish","type":"page","link":"https:\/\/oiktomaszow.pl\/?page_id=68","title":{"rendered":"Informacje"},"content":{"rendered":"<h2 data-start=\"97\" data-end=\"130\">O\u015brodek Interwencji Kryzysowej<\/h2>\n<p data-start=\"132\" data-end=\"215\">O\u015brodek Interwencji Kryzysowej \u015bwiadczy <strong data-start=\"172\" data-end=\"214\">bezp\u0142atne, specjalistyczne poradnictwo<\/strong>:<\/p>\n<ul data-start=\"217\" data-end=\"259\">\n<li data-start=\"217\" data-end=\"235\">\n<p data-start=\"219\" data-end=\"235\">psychologiczne<\/p>\n<\/li>\n<li data-start=\"236\" data-end=\"248\">\n<p data-start=\"238\" data-end=\"248\">socjalne<\/p>\n<\/li>\n<li data-start=\"249\" data-end=\"259\">\n<p data-start=\"251\" data-end=\"259\">prawne<\/p>\n<\/li>\n<\/ul>\n<p data-start=\"261\" data-end=\"359\">Pomoc kierowana jest do <strong data-start=\"285\" data-end=\"358\">dzieci, m\u0142odzie\u017cy oraz os\u00f3b doros\u0142ych z terenu powiatu tomaszowskiego<\/strong>.<\/p>\n<hr data-start=\"361\" data-end=\"364\" \/>\n<h2 data-start=\"366\" data-end=\"385\">Godziny otwarcia<\/h2>\n<p data-start=\"387\" data-end=\"429\"><strong data-start=\"387\" data-end=\"412\">Poniedzia\u0142ek \u2013 pi\u0105tek<\/strong><br data-start=\"412\" data-end=\"415\" \/><strong data-start=\"415\" data-end=\"429\">8:00\u201316:00<\/strong><\/p>\n<p data-start=\"431\" data-end=\"504\">Pomoc udzielana jest <strong data-start=\"452\" data-end=\"503\">bez skierowania i bez wcze\u015bniejszej rejestracji<\/strong>.<\/p>\n<hr data-start=\"506\" data-end=\"509\" \/>\n<h2 data-start=\"511\" data-end=\"538\">Zg\u0142o\u015b si\u0119 do nas, je\u015bli:<\/h2>\n<ul data-start=\"540\" data-end=\"870\">\n<li data-start=\"540\" data-end=\"613\">\n<p data-start=\"542\" data-end=\"613\">do\u015bwiadczasz agresji s\u0142ownej lub fizycznej ze strony cz\u0142onka rodziny,<\/p>\n<\/li>\n<li data-start=\"614\" data-end=\"661\">\n<p data-start=\"616\" data-end=\"661\">jeste\u015b osob\u0105 doznaj\u0105c\u0105 przemocy seksualnej,<\/p>\n<\/li>\n<li data-start=\"662\" data-end=\"693\">\n<p data-start=\"664\" data-end=\"693\">\u017cyjesz z osob\u0105 uzale\u017cnion\u0105,<\/p>\n<\/li>\n<li data-start=\"694\" data-end=\"741\">\n<p data-start=\"696\" data-end=\"741\">prze\u017cywasz trudno\u015bci w relacji z partnerem,<\/p>\n<\/li>\n<li data-start=\"742\" data-end=\"804\">\n<p data-start=\"744\" data-end=\"804\">masz problemy w porozumieniu si\u0119 z dorastaj\u0105cym dzieckiem,<\/p>\n<\/li>\n<li data-start=\"805\" data-end=\"870\">\n<p data-start=\"807\" data-end=\"870\">czujesz, \u017ce sytuacja, w kt\u00f3rej si\u0119 znajdujesz, Ci\u0119 przerasta.<\/p>\n<\/li>\n<\/ul>\n<p data-start=\"872\" data-end=\"933\"><strong data-start=\"872\" data-end=\"904\">Nie trwaj d\u0142u\u017cej w kryzysie.<\/strong><br data-start=\"904\" data-end=\"907\" \/>Przyjd\u017a \u2013 mo\u017cemy Ci pom\u00f3c.<\/p>\n<hr data-start=\"935\" data-end=\"938\" \/>\n<h2 data-start=\"940\" data-end=\"960\">Nie b\u0105d\u017a oboj\u0119tny<\/h2>\n<p data-start=\"962\" data-end=\"1066\">Je\u015bli kryzys dotkn\u0105\u0142 kogo\u015b z Twojego otoczenia \u2014 zareaguj.<br data-start=\"1020\" data-end=\"1023\" \/>Twoje wsparcie mo\u017ce mie\u0107 ogromne znaczenie.<\/p>\n<hr data-start=\"1068\" data-end=\"1071\" \/>\n<h2 data-start=\"1073\" data-end=\"1084\">Pami\u0119taj<\/h2>\n<p data-start=\"1086\" data-end=\"1295\">Pierwszym krokiem do wyj\u015bcia z kryzysu jest poszukiwanie pomocy.<br data-start=\"1150\" data-end=\"1153\" \/>Nierozwi\u0105zany kryzys mo\u017ce stanowi\u0107 powa\u017cne zagro\u017cenie, jednak przy odpowiednim wsparciu mo\u017ce sta\u0107 si\u0119 impulsem do pozytywnej zmiany i rozwoju.<\/p>\n<p data-start=\"1297\" data-end=\"1423\">Porozmawiaj z kim\u015b zaufanym o tym, co dzieje si\u0119 w Twoim \u017cyciu i w Twojej rodzinie.<br data-start=\"1380\" data-end=\"1383\" \/>Nie musisz si\u0119 wstydzi\u0107. Nie jeste\u015b sam.<\/p>\n<hr data-start=\"1425\" data-end=\"1428\" \/>\n<p data-start=\"1430\" data-end=\"1588\">Je\u017celi z jakichkolwiek powod\u00f3w obawiasz si\u0119 osobistej wizyty w instytucji udzielaj\u0105cej wsparcia osobom doznaj\u0105cym przemocy, skorzystaj z pomocy telefonicznej.<\/p>\n<h3 data-start=\"1590\" data-end=\"1615\">Bezp\u0142atna infolinia<\/h3>\n<p data-start=\"1616\" data-end=\"1689\">Og\u00f3lnopolskie Pogotowie dla Ofiar Przemocy w Rodzinie \u201eNiebieska Linia\u201d<\/p>\n<p data-start=\"1691\" data-end=\"1706\"><strong data-start=\"1691\" data-end=\"1706\">801 120 002<\/strong><\/p>\n","protected":false},"excerpt":{"rendered":"<p>O\u015brodek Interwencji Kryzysowej O\u015brodek Interwencji Kryzysowej \u015bwiadczy bezp\u0142atne, specjalistyczne poradnictwo: psychologiczne socjalne prawne Pomoc kierowana jest do dzieci, m\u0142odzie\u017cy oraz os\u00f3b doros\u0142ych z terenu powiatu tomaszowskiego. Godziny otwarcia Poniedzia\u0142ek \u2013 pi\u0105tek8:00\u201316:00 Pomoc udzielana jest bez skierowania i bez wcze\u015bniejszej rejestracji. Zg\u0142o\u015b si\u0119 do nas, je\u015bli: do\u015bwiadczasz agresji s\u0142ownej lub fizycznej ze strony cz\u0142onka rodziny, jeste\u015b &#8230; <a title=\"Informacje\" class=\"read-more\" href=\"https:\/\/oiktomaszow.pl\/?page_id=68\" aria-label=\"Dowiedz si\u0119 wi\u0119cej o Informacje\">Dowiedz si\u0119 wi\u0119cej<\/a><\/p>\n","protected":false},"author":1,"featured_media":0,"parent":0,"menu_order":0,"comment_status":"open","ping_status":"open","template":"","meta":{"_monsterinsights_skip_tracking":false,"_monsterinsights_sitenote_active":false,"_monsterinsights_sitenote_note":"","_monsterinsights_sitenote_category":0,"footnotes":""},"class_list":["post-68","page","type-page","status-publish"],"aioseo_notices":[],"_links":{"self":[{"href":"https:\/\/oiktomaszow.pl\/index.php?rest_route=\/wp\/v2\/pages\/68","targetHints":{"allow":["GET"]}}],"collection":[{"href":"https:\/\/oiktomaszow.pl\/index.php?rest_route=\/wp\/v2\/pages"}],"about":[{"href":"https:\/\/oiktomaszow.pl\/index.php?rest_route=\/wp\/v2\/types\/page"}],"author":[{"embeddable":true,"href":"https:\/\/oiktomaszow.pl\/index.php?rest_route=\/wp\/v2\/users\/1"}],"replies":[{"embeddable":true,"href":"https:\/\/oiktomaszow.pl\/index.php?rest_route=%2Fwp%2Fv2%2Fcomments&post=68"}],"version-history":[{"count":24,"href":"https:\/\/oiktomaszow.pl\/index.php?rest_route=\/wp\/v2\/pages\/68\/revisions"}],"predecessor-version":[{"id":2751,"href":"https:\/\/oiktomaszow.pl\/index.php?rest_route=\/wp\/v2\/pages\/68\/revisions\/2751"}],"wp:attachment":[{"href":"https:\/\/oiktomaszow.pl\/index.php?rest_route=%2Fwp%2Fv2%2Fmedia&parent=68"}],"curies":[{"name":"wp","href":"https:\/\/api.w.org\/{rel}","templated":true}]}}