{"id":1597,"date":"2020-09-22T12:17:28","date_gmt":"2020-09-22T10:17:28","guid":{"rendered":"http:\/\/oiktomaszow.pl\/?page_id=1597"},"modified":"2026-02-06T09:24:19","modified_gmt":"2026-02-06T08:24:19","slug":"deklaracja-dostepnosci","status":"publish","type":"page","link":"https:\/\/oiktomaszow.pl\/?page_id=1597","title":{"rendered":"Deklaracja dost\u0119pno\u015bci"},"content":{"rendered":"<p lang=\"zxx\">O\u015brodek Interwencji Kryzysowej w Tomaszowie Lubelskim zobowi\u0105zuje si\u0119 zapewni\u0107 dost\u0119pno\u015b\u0107 swojej strony internetowej zgodnie z przepisami ustawy z dnia 4 kwietnia 2019 r. o dost\u0119pno\u015bci cyfrowej stron internetowych i aplikacji mobilnych podmiot\u00f3w publicznych. O\u015bwiadczenie w sprawie dost\u0119pno\u015bci ma zastosowanie do strony internetowej http:\/\/oiktomaszow.pl\/<\/p>\n<h2 lang=\"zxx\">DANE TELEADRESOWE<\/h2>\n<p lang=\"zxx\">O\u015brodek Interwencji Kryzysowej w Tomaszowie Lubelskim<\/p>\n<p lang=\"zxx\" align=\"justify\">ul. \u017bwirki i Wigury 2, 22-600 Tomasz\u00f3w Lubelski<\/p>\n<p lang=\"zxx\">tel\/fax <strong>\/84\/ 663 42 98 <\/strong><\/p>\n<p lang=\"zxx\">telefony interwencyjne w sprawach nag\u0142ych:<strong> 729 860 600 <\/strong><\/p>\n<p lang=\"zxx\"><strong>e-mail<\/strong>: osrodek@oiktomaszow.pl<\/p>\n<h2 lang=\"zxx\">DATA PUBLIKACJI I AKTUALIZACJI<\/h2>\n<p lang=\"zxx\">Data publikacji: <span style=\"color: #000000;\">2009-08-02<\/span><\/p>\n<p lang=\"zxx\" align=\"justify\">Data ostatniej aktualizacji: 2025-03-11<\/p>\n<h2 lang=\"zxx\">STATUS POD WZGL\u0118DEM ZGODNO\u015aCI Z USTAW\u0104<\/h2>\n<p lang=\"zxx\" align=\"justify\">Strona internetowa jest cz\u0119\u015bciowo zgodna z ustaw\u0105 z dnia 4 kwietnia 2019 r. O dost\u0119pno\u015bci cyfrowej stron internetowych i aplikacji mobilnych podmiot\u00f3w publicznych z powodu niezgodno\u015bci lub wy\u0142\u0105cze\u0144 wymienionych poni\u017cej:<\/p>\n<ul>\n<li lang=\"zxx\">filmy nie posiadaj\u0105 napis\u00f3w dla os\u00f3b g\u0142uchych,<\/li>\n<li>opublikowane zdj\u0119cia nie posiadaj\u0105 opisu alternatywnego, maj\u0105 charakter promocyjny i nie s\u0105 wykorzystywane do realizacji bie\u017c\u0105cych zada\u0144,<\/li>\n<li>strona zawiera dokumenty elektroniczne, kt\u00f3re powsta\u0142y na podstawie dokument\u00f3w bez poprawnie zaznaczonej logicznej struktury lub s\u0105 skanami dokument\u00f3w,<\/li>\n<li>mapy s\u0105 wy\u0142\u0105czone z obowi\u0105zku zapewnienia dost\u0119pno\u015bci.<\/li>\n<\/ul>\n<h2 lang=\"zxx\">DATA SPORZ\u0104DZENIA DEKLARACJI I METODA OCENY DOST\u0118PNO\u015aCI CYFROWEJ<\/h2>\n<p lang=\"zxx\">O\u015bwiadczenie sporz\u0105dzono dnia<span style=\"color: #000000;\">: 2020-09-2<\/span><span style=\"color: #000000;\">2<\/span><\/p>\n<p lang=\"zxx\">Deklaracj\u0119 sporz\u0105dzono na podstawie samooceny przeprowadzonej przez podmiot publiczny.<\/p>\n<h2 lang=\"zxx\">SKR\u00d3TY KLAWIATUROWE<\/h2>\n<p lang=\"zxx\">Na stronie internetowej mo\u017cna u\u017cywa\u0107 standardowych skr\u00f3t\u00f3w klawiaturowych przegl\u0105darki.<\/p>\n<h2 lang=\"zxx\">INFORMACJE ZWROTNE I DANE KONTAKTOWE<\/h2>\n<p lang=\"zxx\" align=\"justify\">W przypadku problem\u00f3w z dost\u0119pno\u015bci\u0105 strony internetowej prosimy o kontakt. Osob\u0105 kontaktow\u0105 jest Daniel Knap, osrodek@oiktomaszow.pl. Kontaktowa\u0107 mo\u017cna si\u0119 tak\u017ce dzwoni\u0105c na numer telefonu: 84 663 42 98. T\u0105 sam\u0105 drog\u0105 mo\u017cna sk\u0142ada\u0107 wnioski o udost\u0119pnienie informacji niedost\u0119pnej oraz sk\u0142ada\u0107 \u017c\u0105dania zapewnienia dost\u0119pno\u015bci.<\/p>\n<p lang=\"zxx\" align=\"justify\">Ka\u017cdy ma prawo do wyst\u0105pienia z \u017c\u0105daniem zapewnienia dost\u0119pno\u015bci cyfrowej strony internetowej, aplikacji mobilnej lub jakiego\u015b ich elementu. Mo\u017cna tak\u017ce za\u017c\u0105da\u0107 udost\u0119pnienia informacji za pomoc\u0105 alternatywnego sposobu dost\u0119pu, na przyk\u0142ad przez odczytanie niedost\u0119pnego cyfrowo dokumentu, opisanie zawarto\u015bci filmu bez audiodeskrypcji itp. \u017b\u0105danie powinno zawiera\u0107 dane osoby zg\u0142aszaj\u0105cej \u017c\u0105danie, wskazanie, o kt\u00f3r\u0105 stron\u0119 internetow\u0105 lub aplikacj\u0119 mobiln\u0105 chodzi oraz spos\u00f3b kontaktu. Je\u017celi osoba \u017c\u0105daj\u0105ca zg\u0142asza potrzeb\u0119 otrzymania informacji za pomoc\u0105 alternatywnego sposobu dost\u0119pu, powinna tak\u017ce okre\u015bli\u0107 dogodny dla niej spos\u00f3b przedstawienia tej informacji. Podmiot publiczny powinien zrealizowa\u0107 \u017c\u0105danie niezw\u0142ocznie, nie p\u00f3\u017aniej ni\u017c w ci\u0105gu 7 dni od dnia wyst\u0105pienia z \u017c\u0105daniem. Je\u017celi dotrzymanie tego terminu nie jest mo\u017cliwe, podmiot publiczny niezw\u0142ocznie informuje o tym wnosz\u0105cego \u017c\u0105danie, kiedy realizacja \u017c\u0105dania b\u0119dzie mo\u017cliwa, przy czym termin ten nie mo\u017ce by\u0107 d\u0142u\u017cszy ni\u017c 2 miesi\u0105ce od dnia wyst\u0105pienia z \u017c\u0105daniem. Je\u017celi zapewnienie dost\u0119pno\u015bci cyfrowej nie jest mo\u017cliwe, podmiot publiczny mo\u017ce zaproponowa\u0107 alternatywny spos\u00f3b dost\u0119pu do informacji. W przypadku, gdy podmiot publiczny odm\u00f3wi realizacji \u017c\u0105dania zapewnienia dost\u0119pno\u015bci lub alternatywnego sposobu dost\u0119pu do informacji, wnosz\u0105cy \u017c\u0105danie mo\u017ce z\u0142o\u017cy\u0107 skarg\u0119 w sprawie zapewniana dost\u0119pno\u015bci cyfrowej strony internetowej, aplikacji mobilnej lub elementu strony internetowej b\u0105d\u017a aplikacji mobilnej. Po wyczerpaniu wskazanej wy\u017cej procedury mo\u017cna tak\u017ce z\u0142o\u017cy\u0107 wniosek do Rzecznika Praw Obywatelskich.<\/p>\n<h2 lang=\"zxx\">STRONA INTERNETOWA RZECZNIKA PRAW OBYWATELSKICH<\/h2>\n<p lang=\"zxx\"><a href=\"https:\/\/www.rpo.gov.pl\/\">https:\/\/www.rpo.gov.pl\/<\/a><\/p>\n<h2 lang=\"zxx\">DOST\u0118PNO\u015a\u0106 ARCHITEKTONICZNA<\/h2>\n<p lang=\"zxx\" align=\"justify\">Siedziba O\u015brodka Interwencji Kryzysowej w Tomaszowie Lubelskim zlokalizowana jest przy ulicy \u017bwirki i Wigury 2 na I pi\u0119trze budynku Starostwa Powiatowego w Tomaszowie Lubelskim. Osoby niepe\u0142nosprawne przybywaj\u0105ce do O\u015brodka Interwencji Kryzysowej w celu uzyskania pomocy b\u0105d\u017a za\u0142atwienia spraw winny uda\u0107 si\u0119 do wej\u015bcia zlokalizowanego od strony ul. \u017bwirki i Wigury \/od strony parku miejskiego\/, kt\u00f3re jest dostosowane do potrzeb os\u00f3b niepe\u0142nosprawnych. Wej\u015bcie to oraz d\u017awig osobowy funkcjonuj\u0105cy przy tym wej\u015bciu umo\u017cliwiaj\u0105 dotarcie na pierwsze pi\u0119tro budynku, gdzie swoj\u0105 siedzib\u0119 \/na lewo od wyj\u015bcia z windy\/ ma O\u015brodek Interwencji Kryzysowej.<\/p>\n<p lang=\"zxx\" align=\"justify\">Niepe\u0142nosprawni mog\u0105 zwr\u00f3ci\u0107 si\u0119 do ka\u017cdego pracownika O\u015brodka \/kierownik, pracownik socjalny, psycholog, prawnik\/ z pro\u015bb\u0105 o informacj\u0119 lub pomoc. W pierwszej kolejno\u015bci pracownicy przeprowadzaj\u0105 wst\u0119pn\u0105 rozmow\u0119 z osob\u0105 niepe\u0142nosprawn\u0105 w celu ustalenia charakteru za\u0142atwianej sprawy a nast\u0119pnie wskazuj\u0105 merytorycznego pracownika.<\/p>\n<p lang=\"zxx\" align=\"justify\">Je\u017celi wymagaj\u0105 tego potrzeby osoby niepe\u0142nosprawnej, merytoryczny pracownik udaje si\u0119 niezw\u0142ocznie do osoby niepe\u0142nosprawnej w celu pomocy przy za\u0142atwianiu sprawy b\u0105d\u017a wsp\u00f3lnie udaj\u0105 si\u0119 do merytorycznych miejsc pracy w celu kompleksowego obs\u0142u\u017cenia osoby niepe\u0142nosprawnej.<\/p>\n<h2 lang=\"zxx\">OBS\u0141UGA OS\u00d3B UPRAWNIONYCH<\/h2>\n<p lang=\"zxx\" align=\"justify\">W my\u015bl art. 7 i 8 ustawy z dnia 19 sierpnia 2011 r. o j\u0119zyku migowym i innych \u015brodkach komunikowania si\u0119 (Dz. U. Nr 209, poz. 1243) osoby uprawnione, czyli do\u015bwiadczaj\u0105ce trwale lub okresowo trudno\u015bci w komunikowaniu si\u0119, maj\u0105 prawo do skorzystania w kontaktach m.in. z organami administracji publicznej z pomocy osoby przybranej, czyli osoby kt\u00f3ra uko\u0144czy\u0142a 16 lat i zosta\u0142a wybrana przez osob\u0119 uprawnion\u0105 w celu u\u0142atwienia porozumiewania si\u0119 z osob\u0105 uprawnion\u0105 i udzielenia jej pomocy w za\u0142atwianiu spraw w organach administracji publicznej.<\/p>\n<p lang=\"zxx\" align=\"justify\">O\u015brodek Interwencji Kryzysowej w Tomaszowie Lubelskim nie korzysta z pomocy pracownika przeszkolonego w zakresie podstawowej komunikacji w j\u0119zyku migowym.<\/p>\n","protected":false},"excerpt":{"rendered":"<p>O\u015brodek Interwencji Kryzysowej w Tomaszowie Lubelskim zobowi\u0105zuje si\u0119 zapewni\u0107 dost\u0119pno\u015b\u0107 swojej strony internetowej zgodnie z przepisami ustawy z dnia 4 kwietnia 2019 r. o dost\u0119pno\u015bci cyfrowej stron internetowych i aplikacji mobilnych podmiot\u00f3w publicznych. O\u015bwiadczenie w sprawie dost\u0119pno\u015bci ma zastosowanie do strony internetowej http:\/\/oiktomaszow.pl\/ DANE TELEADRESOWE O\u015brodek Interwencji Kryzysowej w Tomaszowie Lubelskim ul. \u017bwirki i Wigury &#8230; <a title=\"Deklaracja dost\u0119pno\u015bci\" class=\"read-more\" href=\"https:\/\/oiktomaszow.pl\/?page_id=1597\" aria-label=\"Dowiedz si\u0119 wi\u0119cej o Deklaracja dost\u0119pno\u015bci\">Dowiedz si\u0119 wi\u0119cej<\/a><\/p>\n","protected":false},"author":2,"featured_media":0,"parent":0,"menu_order":0,"comment_status":"closed","ping_status":"closed","template":"","meta":{"_monsterinsights_skip_tracking":false,"_monsterinsights_sitenote_active":false,"_monsterinsights_sitenote_note":"","_monsterinsights_sitenote_category":0,"footnotes":""},"class_list":["post-1597","page","type-page","status-publish"],"aioseo_notices":[],"_links":{"self":[{"href":"https:\/\/oiktomaszow.pl\/index.php?rest_route=\/wp\/v2\/pages\/1597","targetHints":{"allow":["GET"]}}],"collection":[{"href":"https:\/\/oiktomaszow.pl\/index.php?rest_route=\/wp\/v2\/pages"}],"about":[{"href":"https:\/\/oiktomaszow.pl\/index.php?rest_route=\/wp\/v2\/types\/page"}],"author":[{"embeddable":true,"href":"https:\/\/oiktomaszow.pl\/index.php?rest_route=\/wp\/v2\/users\/2"}],"replies":[{"embeddable":true,"href":"https:\/\/oiktomaszow.pl\/index.php?rest_route=%2Fwp%2Fv2%2Fcomments&post=1597"}],"version-history":[{"count":5,"href":"https:\/\/oiktomaszow.pl\/index.php?rest_route=\/wp\/v2\/pages\/1597\/revisions"}],"predecessor-version":[{"id":2730,"href":"https:\/\/oiktomaszow.pl\/index.php?rest_route=\/wp\/v2\/pages\/1597\/revisions\/2730"}],"wp:attachment":[{"href":"https:\/\/oiktomaszow.pl\/index.php?rest_route=%2Fwp%2Fv2%2Fmedia&parent=1597"}],"curies":[{"name":"wp","href":"https:\/\/api.w.org\/{rel}","templated":true}]}}