{"id":11,"date":"2009-08-16T21:32:52","date_gmt":"2009-08-16T19:32:52","guid":{"rendered":"http:\/\/localhost\/oik\/?page_id=11"},"modified":"2026-02-25T13:23:55","modified_gmt":"2026-02-25T12:23:55","slug":"o_osrodku","status":"publish","type":"page","link":"https:\/\/oiktomaszow.pl\/?page_id=11","title":{"rendered":"O naszym o\u015brodku"},"content":{"rendered":"<h2 data-start=\"96\" data-end=\"129\">O\u015brodek Interwencji Kryzysowej<\/h2>\n<p data-start=\"131\" data-end=\"652\"><strong data-start=\"131\" data-end=\"165\">O\u015brodek Interwencji Kryzysowej<\/strong> jest jednostk\u0105 organizacyjn\u0105 pomocy spo\u0142ecznej \u015bwiadcz\u0105c\u0105 na terenie powiatu tomaszowskiego interwencj\u0119 kryzysow\u0105, rozumian\u0105 jako zesp\u00f3\u0142 interdyscyplinarnych dzia\u0142a\u0144 podejmowanych na rzecz os\u00f3b i rodzin znajduj\u0105cych si\u0119 w sytuacji kryzysowej. Celem tych dzia\u0142a\u0144 jest przywr\u00f3cenie r\u00f3wnowagi psychicznej oraz zdolno\u015bci samodzielnego radzenia sobie, a tym samym zapobieganie przej\u015bciu reakcji kryzysowej w stan chronicznej niewydolno\u015bci psychospo\u0142ecznej<br data-start=\"616\" data-end=\"619\" \/><em data-start=\"619\" data-end=\"652\">(na podstawie Statutu O\u015brodka).<\/em><\/p>\n<p data-start=\"654\" data-end=\"800\">O\u015brodek dzia\u0142a od <strong data-start=\"672\" data-end=\"695\">1 listopada 2005 r.<\/strong> na mocy <strong data-start=\"704\" data-end=\"799\">Uchwa\u0142y Nr XXVI\/147\/05 Rady Powiatu w Tomaszowie Lubelskim z dnia 21 pa\u017adziernika 2005 roku<\/strong>.<\/p>\n<hr data-start=\"802\" data-end=\"805\" \/>\n<h3 data-start=\"807\" data-end=\"830\">Dla kogo jest pomoc<\/h3>\n<p data-start=\"832\" data-end=\"1116\">Wsparcie oferowane przez O\u015brodek skierowane jest do wszystkich mieszka\u0144c\u00f3w powiatu tomaszowskiego, kt\u00f3rzy do\u015bwiadczyli zdarze\u0144 zak\u0142\u00f3caj\u0105cych dotychczasowy spos\u00f3b \u017cycia i znajduj\u0105 si\u0119 w sytuacji, kt\u00f3ra ich przerasta \u2014 niezale\u017cnie od wieku, p\u0142ci, wykszta\u0142cenia czy sytuacji materialnej.<\/p>\n<p data-start=\"1118\" data-end=\"1128\">W O\u015brodku:<\/p>\n<ul data-start=\"1129\" data-end=\"1292\">\n<li data-start=\"1129\" data-end=\"1161\">\n<p data-start=\"1131\" data-end=\"1161\">nie s\u0105 wymagane skierowania,<\/p>\n<\/li>\n<li data-start=\"1162\" data-end=\"1198\">\n<p data-start=\"1164\" data-end=\"1198\">pomoc udzielana jest bezp\u0142atnie,<\/p>\n<\/li>\n<li data-start=\"1199\" data-end=\"1292\">\n<p data-start=\"1201\" data-end=\"1292\">mo\u017cna skorzysta\u0107 z poradnictwa: <strong data-start=\"1233\" data-end=\"1291\">psychologicznego, socjalnego, prawnego oraz rodzinnego<\/strong>.<\/p>\n<\/li>\n<\/ul>\n<hr data-start=\"1294\" data-end=\"1297\" \/>\n<h2 data-start=\"1299\" data-end=\"1307\">Kadra<\/h2>\n<p data-start=\"1309\" data-end=\"1347\">O\u015brodkiem kieruje <strong data-start=\"1327\" data-end=\"1346\">Pan Daniel Knap<\/strong>.<\/p>\n<p data-start=\"1349\" data-end=\"1371\">Zesp\u00f3\u0142 O\u015brodka tworz\u0105:<\/p>\n<ul data-start=\"1372\" data-end=\"1442\">\n<li data-start=\"1372\" data-end=\"1390\">\n<p data-start=\"1374\" data-end=\"1390\">psychologowie,<\/p>\n<\/li>\n<li data-start=\"1391\" data-end=\"1405\">\n<p data-start=\"1393\" data-end=\"1405\">pedagodzy,<\/p>\n<\/li>\n<li data-start=\"1406\" data-end=\"1418\">\n<p data-start=\"1408\" data-end=\"1418\">prawnik,<\/p>\n<\/li>\n<li data-start=\"1419\" data-end=\"1442\">\n<p data-start=\"1421\" data-end=\"1442\">pracownik socjalny.<\/p>\n<\/li>\n<\/ul>\n<hr data-start=\"1818\" data-end=\"1821\" \/>\n<h2 data-start=\"1823\" data-end=\"1850\">Formy \u015bwiadczonej pomocy<\/h2>\n<p data-start=\"1852\" data-end=\"1938\">Do zada\u0144 O\u015brodka Interwencji Kryzysowej nale\u017cy prowadzenie interwencji kryzysowej dla:<\/p>\n<ul data-start=\"1940\" data-end=\"2529\">\n<li data-start=\"1940\" data-end=\"1986\">\n<p data-start=\"1942\" data-end=\"1986\">os\u00f3b do\u015bwiadczaj\u0105cych przemocy w rodzinie,<\/p>\n<\/li>\n<li data-start=\"1987\" data-end=\"2033\">\n<p data-start=\"1989\" data-end=\"2033\">os\u00f3b pozostaj\u0105cych w konflikcie rodzinnym,<\/p>\n<\/li>\n<li data-start=\"2034\" data-end=\"2067\">\n<p data-start=\"2036\" data-end=\"2067\">os\u00f3b po pr\u00f3bach samob\u00f3jczych,<\/p>\n<\/li>\n<li data-start=\"2068\" data-end=\"2109\">\n<p data-start=\"2070\" data-end=\"2109\">os\u00f3b doznaj\u0105cych przemocy seksualnej,<\/p>\n<\/li>\n<li data-start=\"2110\" data-end=\"2149\">\n<p data-start=\"2112\" data-end=\"2149\">dzieci wykorzystywanych seksualnie,<\/p>\n<\/li>\n<li data-start=\"2150\" data-end=\"2191\">\n<p data-start=\"2152\" data-end=\"2191\">os\u00f3b i rodzin z problemem bezrobocia,<\/p>\n<\/li>\n<li data-start=\"2192\" data-end=\"2233\">\n<p data-start=\"2194\" data-end=\"2233\">os\u00f3b i rodzin z problemem uzale\u017cnie\u0144,<\/p>\n<\/li>\n<li data-start=\"2234\" data-end=\"2273\">\n<p data-start=\"2236\" data-end=\"2273\">os\u00f3b po prze\u017cyciach traumatycznych,<\/p>\n<\/li>\n<li data-start=\"2274\" data-end=\"2361\">\n<p data-start=\"2276\" data-end=\"2361\">os\u00f3b prze\u017cywaj\u0105cych kryzysy zwi\u0105zane ze \u015bmierci\u0105 bliskiej osoby lub ci\u0119\u017ck\u0105 chorob\u0105,<\/p>\n<\/li>\n<li data-start=\"2362\" data-end=\"2421\">\n<p data-start=\"2364\" data-end=\"2421\">os\u00f3b do\u015bwiadczaj\u0105cych konfliktowego rozpadu ma\u0142\u017ce\u0144stwa,<\/p>\n<\/li>\n<li data-start=\"2422\" data-end=\"2476\">\n<p data-start=\"2424\" data-end=\"2476\">os\u00f3b znajduj\u0105cych si\u0119 w trudnej sytuacji \u017cyciowej,<\/p>\n<\/li>\n<li data-start=\"2477\" data-end=\"2529\">\n<p data-start=\"2479\" data-end=\"2529\">rodzic\u00f3w maj\u0105cych trudno\u015bci wychowawcze z dzie\u0107mi.<\/p>\n<\/li>\n<\/ul>\n<hr data-start=\"2531\" data-end=\"2534\" \/>\n<h3 data-start=\"2536\" data-end=\"2561\">Dodatkowa dzia\u0142alno\u015b\u0107<\/h3>\n<p data-start=\"2563\" data-end=\"2588\">O\u015brodek prowadzi r\u00f3wnie\u017c:<\/p>\n<ul data-start=\"2589\" data-end=\"2821\">\n<li data-start=\"2589\" data-end=\"2631\">\n<p data-start=\"2591\" data-end=\"2631\">zaj\u0119cia psychoedukacyjne dla rodzic\u00f3w,<\/p>\n<\/li>\n<li data-start=\"2632\" data-end=\"2651\">\n<p data-start=\"2634\" data-end=\"2651\">grupy wsparcia,<\/p>\n<\/li>\n<li data-start=\"2652\" data-end=\"2715\">\n<p data-start=\"2654\" data-end=\"2715\">program korekcyjno-edukacyjny dla os\u00f3b stosuj\u0105cych przemoc,<\/p>\n<\/li>\n<li data-start=\"2716\" data-end=\"2821\">\n<p data-start=\"2718\" data-end=\"2821\">szkolenia i warsztaty dla pracownik\u00f3w pomocy spo\u0142ecznej, pedagog\u00f3w szkolnych, nauczycieli oraz uczni\u00f3w.<\/p>\n<\/li>\n<\/ul>\n<p>&nbsp;<\/p>\n<p><a href=\"http:\/\/oiktomaszow.pl\/wp-content\/uploads\/2026\/02\/IMG_2760-scaled.jpg\"><img fetchpriority=\"high\" decoding=\"async\" class=\"alignnone size-large wp-image-2726\" src=\"http:\/\/oiktomaszow.pl\/wp-content\/uploads\/2026\/02\/IMG_2760-768x1024.jpg\" alt=\"\" width=\"768\" height=\"1024\" srcset=\"https:\/\/oiktomaszow.pl\/wp-content\/uploads\/2026\/02\/IMG_2760-768x1024.jpg 768w, https:\/\/oiktomaszow.pl\/wp-content\/uploads\/2026\/02\/IMG_2760-225x300.jpg 225w, https:\/\/oiktomaszow.pl\/wp-content\/uploads\/2026\/02\/IMG_2760-1152x1536.jpg 1152w, https:\/\/oiktomaszow.pl\/wp-content\/uploads\/2026\/02\/IMG_2760-1536x2048.jpg 1536w, https:\/\/oiktomaszow.pl\/wp-content\/uploads\/2026\/02\/IMG_2760-scaled.jpg 1920w\" sizes=\"(max-width: 768px) 100vw, 768px\" \/><\/a> <a href=\"http:\/\/oiktomaszow.pl\/wp-content\/uploads\/2026\/02\/IMG_9144-scaled.jpg\"><img decoding=\"async\" class=\"alignnone size-large wp-image-2728\" src=\"http:\/\/oiktomaszow.pl\/wp-content\/uploads\/2026\/02\/IMG_9144-1024x768.jpg\" alt=\"\" width=\"1024\" height=\"768\" srcset=\"https:\/\/oiktomaszow.pl\/wp-content\/uploads\/2026\/02\/IMG_9144-1024x768.jpg 1024w, https:\/\/oiktomaszow.pl\/wp-content\/uploads\/2026\/02\/IMG_9144-300x225.jpg 300w, https:\/\/oiktomaszow.pl\/wp-content\/uploads\/2026\/02\/IMG_9144-768x576.jpg 768w, https:\/\/oiktomaszow.pl\/wp-content\/uploads\/2026\/02\/IMG_9144-1536x1152.jpg 1536w, https:\/\/oiktomaszow.pl\/wp-content\/uploads\/2026\/02\/IMG_9144-2048x1536.jpg 2048w\" sizes=\"(max-width: 1024px) 100vw, 1024px\" \/><\/a><\/p>\n<p><span style=\"color: #ff0000;\">DANE DO FAKTURY:<\/span><\/p>\n<p><strong>Nabywca:<\/strong><\/p>\n<p>Powiat Tomaszowski<\/p>\n<p>ul. Lwowska 68<\/p>\n<p>22-600 Tomasz\u00f3w Lubelski<\/p>\n<p>NIP: 921-198-38-72<\/p>\n<p><strong>Odbiorca:<\/strong><\/p>\n<p>O\u015brodek Interwencji Kryzysowej<\/p>\n<p>ul. \u017bwirki i Wigury 2<\/p>\n<p>22-600 Tomasz\u00f3w Lubelski<\/p>\n<p><strong>NIP: 921-189-02-83 <\/strong><\/p>\n<p>Prosimy o szczeg\u00f3lne uwzgl\u0119dnienie numeru <strong>NIP Odbiorcy (921-189-02-83),<\/strong> poniewa\u017c jest on niezb\u0119dny do prawid\u0142owego dor\u0119czania faktury, co jednocze\u015bnie wp\u0142ynie na terminowe i p\u0142ynne regulowanie nale\u017cno\u015bci.<\/p>\n<p>Prosimy tak\u017ce aby w pozycji \u201ePodmiot 3\u201d \u2013 wpisa\u0107: <strong>O\u015brodek Interwencji Kryzysowej, ul. \u017bwirki i Wigury 2, 22-600 Tomasz\u00f3w Lubelski, NIP: 921-189-02-83<\/strong><\/p>\n<p>Dokumenty:<\/p>\n<ol>\n<li><a href=\"https:\/\/oiktomaszow.bip.lubelskie.pl\/index.php?id=64&amp;action=details&amp;document_id=1975870\">Statut O\u015brodka Interwencji Kryzysowej w Tomaszowie Lubelskim\u00a0<\/a><\/li>\n<li><a class=\"nav-link\" href=\"https:\/\/oiktomaszow.bip.lubelskie.pl\/index.php?id=59\">Regulamin Organizacyjny<\/a><\/li>\n<\/ol>\n<p>&nbsp;<\/p>\n","protected":false},"excerpt":{"rendered":"<p>O\u015brodek Interwencji Kryzysowej O\u015brodek Interwencji Kryzysowej jest jednostk\u0105 organizacyjn\u0105 pomocy spo\u0142ecznej \u015bwiadcz\u0105c\u0105 na terenie powiatu tomaszowskiego interwencj\u0119 kryzysow\u0105, rozumian\u0105 jako zesp\u00f3\u0142 interdyscyplinarnych dzia\u0142a\u0144 podejmowanych na rzecz os\u00f3b i rodzin znajduj\u0105cych si\u0119 w sytuacji kryzysowej. Celem tych dzia\u0142a\u0144 jest przywr\u00f3cenie r\u00f3wnowagi psychicznej oraz zdolno\u015bci samodzielnego radzenia sobie, a tym samym zapobieganie przej\u015bciu reakcji kryzysowej w stan &#8230; <a title=\"O naszym o\u015brodku\" class=\"read-more\" href=\"https:\/\/oiktomaszow.pl\/?page_id=11\" aria-label=\"Dowiedz si\u0119 wi\u0119cej o O naszym o\u015brodku\">Dowiedz si\u0119 wi\u0119cej<\/a><\/p>\n","protected":false},"author":1,"featured_media":0,"parent":0,"menu_order":0,"comment_status":"open","ping_status":"open","template":"","meta":{"_monsterinsights_skip_tracking":false,"_monsterinsights_sitenote_active":false,"_monsterinsights_sitenote_note":"","_monsterinsights_sitenote_category":0,"footnotes":""},"class_list":["post-11","page","type-page","status-publish"],"aioseo_notices":[],"_links":{"self":[{"href":"https:\/\/oiktomaszow.pl\/index.php?rest_route=\/wp\/v2\/pages\/11","targetHints":{"allow":["GET"]}}],"collection":[{"href":"https:\/\/oiktomaszow.pl\/index.php?rest_route=\/wp\/v2\/pages"}],"about":[{"href":"https:\/\/oiktomaszow.pl\/index.php?rest_route=\/wp\/v2\/types\/page"}],"author":[{"embeddable":true,"href":"https:\/\/oiktomaszow.pl\/index.php?rest_route=\/wp\/v2\/users\/1"}],"replies":[{"embeddable":true,"href":"https:\/\/oiktomaszow.pl\/index.php?rest_route=%2Fwp%2Fv2%2Fcomments&post=11"}],"version-history":[{"count":38,"href":"https:\/\/oiktomaszow.pl\/index.php?rest_route=\/wp\/v2\/pages\/11\/revisions"}],"predecessor-version":[{"id":2755,"href":"https:\/\/oiktomaszow.pl\/index.php?rest_route=\/wp\/v2\/pages\/11\/revisions\/2755"}],"wp:attachment":[{"href":"https:\/\/oiktomaszow.pl\/index.php?rest_route=%2Fwp%2Fv2%2Fmedia&parent=11"}],"curies":[{"name":"wp","href":"https:\/\/api.w.org\/{rel}","templated":true}]}}